{"id":110397581,"date":"2022-01-02T15:10:38","date_gmt":"2022-01-02T22:43:36","guid":{"rendered":"https:\/\/artelli.newtonagency.be\/?post_type=product&#038;p=110397581"},"modified":"2022-03-04T16:45:42","modified_gmt":"2022-03-04T16:45:42","slug":"gant-pro-grip-nitril-i-12-paire","status":"publish","type":"product","link":"https:\/\/artelli.be\/fr\/produit\/gant-pro-grip-nitril-i-12-paire\/","title":{"rendered":"Gant Pro-Grip Nitril I 12 paire"},"content":{"rendered":"","protected":false},"excerpt":{"rendered":"<p>Ces gants de travail en coton ont un dos ouvert, ce qui permet une bonne ventilation et plus de confort. Ils conviennent aux travaux lourds n\u00e9cessitant une bonne prise en main et o\u00f9 l&rsquo;exposition aux produits chimiques est exclue. Ces gants de travail qui permettent une bonne prise sont dot\u00e9s d&rsquo;un rev\u00eatement en nitrile et d&rsquo;un capuchon de s\u00e9curit\u00e9 qui offre une bonne protection aux avant-bras et aux poignets. Le rev\u00eatement n&rsquo;absorbe ni l&rsquo;huile, ni la graisse ni la poussi\u00e8re. Ils assurent une bonne protection (mais pas absolue) contre les risques de blessures par coupure, abrasion et perforation.<\/p>\n","protected":false},"featured_media":1025380,"comment_status":"open","ping_status":"closed","template":"","meta":[],"product_brand":[],"product_cat":[545,626,530,533,1624],"product_tag":[],"class_list":{"0":"post-110397581","1":"product","2":"type-product","3":"status-publish","4":"has-post-thumbnail","6":"product_cat-chauffeur-dans-le-commerce-des-carburants","7":"product_cat-chauffeur-poids-lourd","8":"product_cat-coffreur-betonneur","9":"product_cat-conducteur-de-semi-remorque","10":"product_cat-gants","11":"pa_conform-en-3882003-fr","12":"pa_eigenschappen-handschoenen-synthetique","13":"pa_en-3882003-oui","14":"pa_en-3882003-perforatieweerst-1-fr","15":"pa_en-3882003-scheurweerstand-2-fr","16":"pa_en-3882003-schuurweerstand-4-fr","17":"pa_en-3882003-snijweerstand-1-fr","18":"pa_extra-grip-oui","19":"pa_kleuren-blanc-bleu-fr","20":"pa_maten-9-10-fr","21":"pa_materiaal-nitrile","23":"first","24":"instock","25":"shipping-taxable","26":"product-type-simple"},"yoast_head":"<!-- This site is optimized with the Yoast SEO plugin v24.0 - https:\/\/yoast.com\/wordpress\/plugins\/seo\/ -->\n<title>Gant Pro-Grip Nitril I 12 paire - Artelli<\/title>\n<meta name=\"robots\" content=\"index, follow, max-snippet:-1, max-image-preview:large, max-video-preview:-1\" \/>\n<link rel=\"canonical\" href=\"https:\/\/artelli.be\/fr\/produit\/gant-pro-grip-nitril-i-12-paire\/\" \/>\n<meta property=\"og:locale\" content=\"fr_FR\" \/>\n<meta property=\"og:type\" content=\"article\" \/>\n<meta property=\"og:title\" content=\"Gant Pro-Grip Nitril I 12 paire - Artelli\" \/>\n<meta property=\"og:description\" content=\"Ces gants de travail en coton ont un dos ouvert, ce qui permet une bonne ventilation et plus de confort. Ils conviennent aux travaux lourds n\u00e9cessitant une bonne prise en main et o\u00f9 l&#039;exposition aux produits chimiques est exclue. Ces gants de travail qui permettent une bonne prise sont dot\u00e9s d&#039;un rev\u00eatement en nitrile et d&#039;un capuchon de s\u00e9curit\u00e9 qui offre une bonne protection aux avant-bras et aux poignets. Le rev\u00eatement n&#039;absorbe ni l&#039;huile, ni la graisse ni la poussi\u00e8re. Ils assurent une bonne protection (mais pas absolue) contre les risques de blessures par coupure, abrasion et perforation.\" \/>\n<meta property=\"og:url\" content=\"https:\/\/artelli.be\/fr\/produit\/gant-pro-grip-nitril-i-12-paire\/\" \/>\n<meta property=\"og:site_name\" content=\"Artelli\" \/>\n<meta property=\"article:modified_time\" content=\"2022-03-04T16:45:42+00:00\" \/>\n<meta property=\"og:image\" content=\"https:\/\/artelli.be\/wp-content\/uploads\/2021\/12\/PHOTO_HR_1022153.jpg\" \/>\n\t<meta property=\"og:image:width\" content=\"1701\" \/>\n\t<meta property=\"og:image:height\" content=\"1276\" \/>\n\t<meta property=\"og:image:type\" content=\"image\/jpeg\" \/>\n<meta name=\"twitter:card\" content=\"summary_large_image\" \/>\n<script type=\"application\/ld+json\" class=\"yoast-schema-graph\">{\"@context\":\"https:\/\/schema.org\",\"@graph\":[{\"@type\":\"WebPage\",\"@id\":\"https:\/\/artelli.be\/fr\/produit\/gant-pro-grip-nitril-i-12-paire\/\",\"url\":\"https:\/\/artelli.be\/fr\/produit\/gant-pro-grip-nitril-i-12-paire\/\",\"name\":\"Gant Pro-Grip Nitril I 12 paire - Artelli\",\"isPartOf\":{\"@id\":\"https:\/\/artelli.be\/#website\"},\"primaryImageOfPage\":{\"@id\":\"https:\/\/artelli.be\/fr\/produit\/gant-pro-grip-nitril-i-12-paire\/#primaryimage\"},\"image\":{\"@id\":\"https:\/\/artelli.be\/fr\/produit\/gant-pro-grip-nitril-i-12-paire\/#primaryimage\"},\"thumbnailUrl\":\"https:\/\/artelli.be\/wp-content\/uploads\/2021\/12\/PHOTO_HR_1022153.jpg\",\"datePublished\":\"2022-01-02T22:43:36+00:00\",\"dateModified\":\"2022-03-04T16:45:42+00:00\",\"breadcrumb\":{\"@id\":\"https:\/\/artelli.be\/fr\/produit\/gant-pro-grip-nitril-i-12-paire\/#breadcrumb\"},\"inLanguage\":\"fr-FR\",\"potentialAction\":[{\"@type\":\"ReadAction\",\"target\":[\"https:\/\/artelli.be\/fr\/produit\/gant-pro-grip-nitril-i-12-paire\/\"]}]},{\"@type\":\"ImageObject\",\"inLanguage\":\"fr-FR\",\"@id\":\"https:\/\/artelli.be\/fr\/produit\/gant-pro-grip-nitril-i-12-paire\/#primaryimage\",\"url\":\"https:\/\/artelli.be\/wp-content\/uploads\/2021\/12\/PHOTO_HR_1022153.jpg\",\"contentUrl\":\"https:\/\/artelli.be\/wp-content\/uploads\/2021\/12\/PHOTO_HR_1022153.jpg\",\"width\":1701,\"height\":1276},{\"@type\":\"BreadcrumbList\",\"@id\":\"https:\/\/artelli.be\/fr\/produit\/gant-pro-grip-nitril-i-12-paire\/#breadcrumb\",\"itemListElement\":[{\"@type\":\"ListItem\",\"position\":1,\"name\":\"Home\",\"item\":\"https:\/\/artelli.be\/fr\/\"},{\"@type\":\"ListItem\",\"position\":2,\"name\":\"Produits\",\"item\":\"https:\/\/artelli.be\/fr\/produits\/\"},{\"@type\":\"ListItem\",\"position\":3,\"name\":\"Gant Pro-Grip Nitril I 12 paire\"}]},{\"@type\":\"WebSite\",\"@id\":\"https:\/\/artelli.be\/#website\",\"url\":\"https:\/\/artelli.be\/\",\"name\":\"Artelli\",\"description\":\"\",\"publisher\":{\"@id\":\"https:\/\/artelli.be\/#organization\"},\"potentialAction\":[{\"@type\":\"SearchAction\",\"target\":{\"@type\":\"EntryPoint\",\"urlTemplate\":\"https:\/\/artelli.be\/?s={search_term_string}\"},\"query-input\":{\"@type\":\"PropertyValueSpecification\",\"valueRequired\":true,\"valueName\":\"search_term_string\"}}],\"inLanguage\":\"fr-FR\"},{\"@type\":\"Organization\",\"@id\":\"https:\/\/artelli.be\/#organization\",\"name\":\"Artelli\",\"url\":\"https:\/\/artelli.be\/\",\"logo\":{\"@type\":\"ImageObject\",\"inLanguage\":\"fr-FR\",\"@id\":\"https:\/\/artelli.be\/#\/schema\/logo\/image\/\",\"url\":\"https:\/\/artelli.be\/wp-content\/uploads\/2021\/08\/cropped-LOGO-ARTELLI-RGB_HR.jpg\",\"contentUrl\":\"https:\/\/artelli.be\/wp-content\/uploads\/2021\/08\/cropped-LOGO-ARTELLI-RGB_HR.jpg\",\"width\":1157,\"height\":331,\"caption\":\"Artelli\"},\"image\":{\"@id\":\"https:\/\/artelli.be\/#\/schema\/logo\/image\/\"}}]}<\/script>\n<!-- \/ Yoast SEO plugin. -->","yoast_head_json":{"title":"Gant Pro-Grip Nitril I 12 paire - Artelli","robots":{"index":"index","follow":"follow","max-snippet":"max-snippet:-1","max-image-preview":"max-image-preview:large","max-video-preview":"max-video-preview:-1"},"canonical":"https:\/\/artelli.be\/fr\/produit\/gant-pro-grip-nitril-i-12-paire\/","og_locale":"fr_FR","og_type":"article","og_title":"Gant Pro-Grip Nitril I 12 paire - Artelli","og_description":"Ces gants de travail en coton ont un dos ouvert, ce qui permet une bonne ventilation et plus de confort. Ils conviennent aux travaux lourds n\u00e9cessitant une bonne prise en main et o\u00f9 l'exposition aux produits chimiques est exclue. Ces gants de travail qui permettent une bonne prise sont dot\u00e9s d'un rev\u00eatement en nitrile et d'un capuchon de s\u00e9curit\u00e9 qui offre une bonne protection aux avant-bras et aux poignets. Le rev\u00eatement n'absorbe ni l'huile, ni la graisse ni la poussi\u00e8re. Ils assurent une bonne protection (mais pas absolue) contre les risques de blessures par coupure, abrasion et perforation.","og_url":"https:\/\/artelli.be\/fr\/produit\/gant-pro-grip-nitril-i-12-paire\/","og_site_name":"Artelli","article_modified_time":"2022-03-04T16:45:42+00:00","og_image":[{"width":1701,"height":1276,"url":"https:\/\/artelli.be\/wp-content\/uploads\/2021\/12\/PHOTO_HR_1022153.jpg","type":"image\/jpeg"}],"twitter_card":"summary_large_image","schema":{"@context":"https:\/\/schema.org","@graph":[{"@type":"WebPage","@id":"https:\/\/artelli.be\/fr\/produit\/gant-pro-grip-nitril-i-12-paire\/","url":"https:\/\/artelli.be\/fr\/produit\/gant-pro-grip-nitril-i-12-paire\/","name":"Gant Pro-Grip Nitril I 12 paire - Artelli","isPartOf":{"@id":"https:\/\/artelli.be\/#website"},"primaryImageOfPage":{"@id":"https:\/\/artelli.be\/fr\/produit\/gant-pro-grip-nitril-i-12-paire\/#primaryimage"},"image":{"@id":"https:\/\/artelli.be\/fr\/produit\/gant-pro-grip-nitril-i-12-paire\/#primaryimage"},"thumbnailUrl":"https:\/\/artelli.be\/wp-content\/uploads\/2021\/12\/PHOTO_HR_1022153.jpg","datePublished":"2022-01-02T22:43:36+00:00","dateModified":"2022-03-04T16:45:42+00:00","breadcrumb":{"@id":"https:\/\/artelli.be\/fr\/produit\/gant-pro-grip-nitril-i-12-paire\/#breadcrumb"},"inLanguage":"fr-FR","potentialAction":[{"@type":"ReadAction","target":["https:\/\/artelli.be\/fr\/produit\/gant-pro-grip-nitril-i-12-paire\/"]}]},{"@type":"ImageObject","inLanguage":"fr-FR","@id":"https:\/\/artelli.be\/fr\/produit\/gant-pro-grip-nitril-i-12-paire\/#primaryimage","url":"https:\/\/artelli.be\/wp-content\/uploads\/2021\/12\/PHOTO_HR_1022153.jpg","contentUrl":"https:\/\/artelli.be\/wp-content\/uploads\/2021\/12\/PHOTO_HR_1022153.jpg","width":1701,"height":1276},{"@type":"BreadcrumbList","@id":"https:\/\/artelli.be\/fr\/produit\/gant-pro-grip-nitril-i-12-paire\/#breadcrumb","itemListElement":[{"@type":"ListItem","position":1,"name":"Home","item":"https:\/\/artelli.be\/fr\/"},{"@type":"ListItem","position":2,"name":"Produits","item":"https:\/\/artelli.be\/fr\/produits\/"},{"@type":"ListItem","position":3,"name":"Gant Pro-Grip Nitril I 12 paire"}]},{"@type":"WebSite","@id":"https:\/\/artelli.be\/#website","url":"https:\/\/artelli.be\/","name":"Artelli","description":"","publisher":{"@id":"https:\/\/artelli.be\/#organization"},"potentialAction":[{"@type":"SearchAction","target":{"@type":"EntryPoint","urlTemplate":"https:\/\/artelli.be\/?s={search_term_string}"},"query-input":{"@type":"PropertyValueSpecification","valueRequired":true,"valueName":"search_term_string"}}],"inLanguage":"fr-FR"},{"@type":"Organization","@id":"https:\/\/artelli.be\/#organization","name":"Artelli","url":"https:\/\/artelli.be\/","logo":{"@type":"ImageObject","inLanguage":"fr-FR","@id":"https:\/\/artelli.be\/#\/schema\/logo\/image\/","url":"https:\/\/artelli.be\/wp-content\/uploads\/2021\/08\/cropped-LOGO-ARTELLI-RGB_HR.jpg","contentUrl":"https:\/\/artelli.be\/wp-content\/uploads\/2021\/08\/cropped-LOGO-ARTELLI-RGB_HR.jpg","width":1157,"height":331,"caption":"Artelli"},"image":{"@id":"https:\/\/artelli.be\/#\/schema\/logo\/image\/"}}]}},"_links":{"self":[{"href":"https:\/\/artelli.be\/fr\/wp-json\/wp\/v2\/product\/110397581","targetHints":{"allow":["GET"]}}],"collection":[{"href":"https:\/\/artelli.be\/fr\/wp-json\/wp\/v2\/product"}],"about":[{"href":"https:\/\/artelli.be\/fr\/wp-json\/wp\/v2\/types\/product"}],"replies":[{"embeddable":true,"href":"https:\/\/artelli.be\/fr\/wp-json\/wp\/v2\/comments?post=110397581"}],"wp:featuredmedia":[{"embeddable":true,"href":"https:\/\/artelli.be\/fr\/wp-json\/wp\/v2\/media\/1025380"}],"wp:attachment":[{"href":"https:\/\/artelli.be\/fr\/wp-json\/wp\/v2\/media?parent=110397581"}],"wp:term":[{"taxonomy":"product_brand","embeddable":true,"href":"https:\/\/artelli.be\/fr\/wp-json\/wp\/v2\/product_brand?post=110397581"},{"taxonomy":"product_cat","embeddable":true,"href":"https:\/\/artelli.be\/fr\/wp-json\/wp\/v2\/product_cat?post=110397581"},{"taxonomy":"product_tag","embeddable":true,"href":"https:\/\/artelli.be\/fr\/wp-json\/wp\/v2\/product_tag?post=110397581"}],"curies":[{"name":"wp","href":"https:\/\/api.w.org\/{rel}","templated":true}]}}